{"id":3844,"date":"2021-02-18T15:19:33","date_gmt":"2021-02-18T15:19:33","guid":{"rendered":"https:\/\/snscompany.rs\/?post_type=product&#038;p=3844"},"modified":"2025-09-19T10:48:54","modified_gmt":"2025-09-19T10:48:54","slug":"rucna-motalica","status":"publish","type":"product","link":"https:\/\/snscompany.rs\/?product=rucna-motalica","title":{"rendered":"Ru\u010dna motalica"},"content":{"rendered":"<p><strong>Motalica sa podsklopom<\/strong><\/p>\n<p>Proizvod je napravljen od \u010dvrste gume sa oja\u010danim kontaktnim sistemom. Mo\u017ee da radi u te\u0161kim spoljnim uslovima. Podnosi mehani\u010dka optere\u0107enja. Mo\u017ee se namotati do 15m kabla HO5RR-F &#8211; 3G 1,5 mm?. U skladu sa IEC 60884-1.<\/p>\n<p><em>Specifikacija <\/em>:<\/p>\n<p><em><br \/>\n<\/em><strong>\u0160ifra proizvida<\/strong>: 7130<em><br \/>\n<\/em><strong>Tip proizvoda<\/strong>: Elektroinstalacijski materijali<br \/>\n<strong>Materijal<\/strong>: guma, umetci od polikarbonata<br \/>\n<strong>Stepen za\u0161tite<\/strong>: IP20<br \/>\n<strong>Boja<\/strong>: Crna<br \/>\n<strong>Dizajnirano<\/strong> <strong>za<\/strong>: Rad u te\u0161kim spoljnim uslovima<br \/>\n<strong>Napon napajanja<\/strong>: 250V \/ 16A<br \/>\n<strong>Garancija<\/strong>: 2 godine<\/p>\n","protected":false},"excerpt":{"rendered":"<p>Motalica sa podsklopom Proizvod je napravljen od \u010dvrste gume sa oja\u010danim kontaktnim sistemom. Mo\u017ee da radi u te\u0161kim spoljnim uslovima. Podnosi mehani\u010dka optere\u0107enja. Mo\u017ee se namotati do 15m kabla HO5RR-F&hellip;<\/p>\n","protected":false},"featured_media":3845,"comment_status":"open","ping_status":"closed","template":"","meta":[],"product_brand":[],"product_cat":[25],"product_tag":[],"class_list":{"0":"post-3844","1":"product","2":"type-product","3":"status-publish","4":"has-post-thumbnail","6":"product_cat-gumirane-uticnice-i-utikaci","8":"first","9":"instock","10":"taxable","11":"shipping-taxable","12":"purchasable","13":"product-type-simple"},"_links":{"self":[{"href":"https:\/\/snscompany.rs\/index.php?rest_route=\/wp\/v2\/product\/3844","targetHints":{"allow":["GET"]}}],"collection":[{"href":"https:\/\/snscompany.rs\/index.php?rest_route=\/wp\/v2\/product"}],"about":[{"href":"https:\/\/snscompany.rs\/index.php?rest_route=\/wp\/v2\/types\/product"}],"replies":[{"embeddable":true,"href":"https:\/\/snscompany.rs\/index.php?rest_route=%2Fwp%2Fv2%2Fcomments&post=3844"}],"wp:featuredmedia":[{"embeddable":true,"href":"https:\/\/snscompany.rs\/index.php?rest_route=\/wp\/v2\/media\/3845"}],"wp:attachment":[{"href":"https:\/\/snscompany.rs\/index.php?rest_route=%2Fwp%2Fv2%2Fmedia&parent=3844"}],"wp:term":[{"taxonomy":"product_brand","embeddable":true,"href":"https:\/\/snscompany.rs\/index.php?rest_route=%2Fwp%2Fv2%2Fproduct_brand&post=3844"},{"taxonomy":"product_cat","embeddable":true,"href":"https:\/\/snscompany.rs\/index.php?rest_route=%2Fwp%2Fv2%2Fproduct_cat&post=3844"},{"taxonomy":"product_tag","embeddable":true,"href":"https:\/\/snscompany.rs\/index.php?rest_route=%2Fwp%2Fv2%2Fproduct_tag&post=3844"}],"curies":[{"name":"wp","href":"https:\/\/api.w.org\/{rel}","templated":true}]}}