{"id":3878,"date":"2021-02-18T15:50:27","date_gmt":"2021-02-18T15:50:27","guid":{"rendered":"https:\/\/snscompany.rs\/?post_type=product&#038;p=3878"},"modified":"2025-09-19T10:48:00","modified_gmt":"2025-09-19T10:48:00","slug":"prikljucnica-trostruka","status":"publish","type":"product","link":"https:\/\/snscompany.rs\/?product=prikljucnica-trostruka","title":{"rendered":"Priklju\u010dnica trostruka"},"content":{"rendered":"<p><strong>\u0160ifra: 7133<\/strong><\/p>\n<p><strong>Priklju\u010dnica trostruka<\/strong><\/p>\n<p>Proizvod je izra\u0111en od polikarbonata za spoljnu ugradnju. Koristi se u svakodnevnom \u017eivotu, kancelarijama i radnim prostorijama. U skladu sa IEC 60884-1.<\/p>\n<p><strong>\u0160ifra:<\/strong> 7133<\/p>\n<p><strong>Materujal:<\/strong>\u00a0plastika<br \/>\n<strong>Boja:<\/strong>\u00a0Bela<br \/>\n<strong>Dimenzije<\/strong>: 191\u044582\u044540<br \/>\n<strong>Garancija:<\/strong>\u00a0 2 godine<br \/>\n<strong>Namenjeno za:<\/strong>\u00a0Doma\u0107instvo<br \/>\n<strong>Napon napajanja<\/strong>: 250V \/ 16A<br \/>\n<strong>Garancija<\/strong>: 2 godine<\/p>\n","protected":false},"excerpt":{"rendered":"<p>\u0160ifra: 7133 Priklju\u010dnica trostruka Proizvod je izra\u0111en od polikarbonata za spoljnu ugradnju. Koristi se u svakodnevnom \u017eivotu, kancelarijama i radnim prostorijama. U skladu sa IEC 60884-1. \u0160ifra: 7133 Materujal:\u00a0plastika Boja:\u00a0Bela&hellip;<\/p>\n","protected":false},"featured_media":3879,"comment_status":"open","ping_status":"closed","template":"","meta":[],"product_brand":[],"product_cat":[28],"product_tag":[],"class_list":{"0":"post-3878","1":"product","2":"type-product","3":"status-publish","4":"has-post-thumbnail","6":"product_cat-prikljucnice","8":"first","9":"instock","10":"taxable","11":"shipping-taxable","12":"purchasable","13":"product-type-simple"},"_links":{"self":[{"href":"https:\/\/snscompany.rs\/index.php?rest_route=\/wp\/v2\/product\/3878","targetHints":{"allow":["GET"]}}],"collection":[{"href":"https:\/\/snscompany.rs\/index.php?rest_route=\/wp\/v2\/product"}],"about":[{"href":"https:\/\/snscompany.rs\/index.php?rest_route=\/wp\/v2\/types\/product"}],"replies":[{"embeddable":true,"href":"https:\/\/snscompany.rs\/index.php?rest_route=%2Fwp%2Fv2%2Fcomments&post=3878"}],"wp:featuredmedia":[{"embeddable":true,"href":"https:\/\/snscompany.rs\/index.php?rest_route=\/wp\/v2\/media\/3879"}],"wp:attachment":[{"href":"https:\/\/snscompany.rs\/index.php?rest_route=%2Fwp%2Fv2%2Fmedia&parent=3878"}],"wp:term":[{"taxonomy":"product_brand","embeddable":true,"href":"https:\/\/snscompany.rs\/index.php?rest_route=%2Fwp%2Fv2%2Fproduct_brand&post=3878"},{"taxonomy":"product_cat","embeddable":true,"href":"https:\/\/snscompany.rs\/index.php?rest_route=%2Fwp%2Fv2%2Fproduct_cat&post=3878"},{"taxonomy":"product_tag","embeddable":true,"href":"https:\/\/snscompany.rs\/index.php?rest_route=%2Fwp%2Fv2%2Fproduct_tag&post=3878"}],"curies":[{"name":"wp","href":"https:\/\/api.w.org\/{rel}","templated":true}]}}