{"id":4144,"date":"2021-02-28T22:21:58","date_gmt":"2021-02-28T22:21:58","guid":{"rendered":"https:\/\/snscompany.rs\/?post_type=product&#038;p=4144"},"modified":"2025-09-19T09:56:13","modified_gmt":"2025-09-19T09:56:13","slug":"uv-sterilizator-sa-postoljem","status":"publish","type":"product","link":"https:\/\/snscompany.rs\/?product=uv-sterilizator-sa-postoljem","title":{"rendered":"UV Sterilizator sa postoljem"},"content":{"rendered":"<p><strong>Uni\u0161tava viruse, bakterije i ostale \u0161tetne materiju u vazduhu! ! !<br \/>\n<\/strong><br \/>\nIdealni su za kancelarije, prodavnice, lokale i ostale prostorije u kojim ima ljudi.<\/p>\n<p>UV sterilizator je zatvorenog tipa tako da ne \u0161teti ljudima u okolini. U sterilizatoru se nalaze dva ventilatora koji uvla\u010de i izvla\u010de vazduh kroz telo sterilizatora, a u sredini se nalazi UV lampa koja uni\u0161tava viruse i bakterije svojim zra\u010denjem.<\/p>\n<p>Na slikama se nalazi uputstvo za upotrebu.<\/p>\n<p><strong>\u0160ifra proizvoda :\u00a01225<\/strong><\/p>\n<p><strong>Dimenzije<\/strong>: 1160x145x190<br \/>\n<strong>Ja\u010dina UV sijalice<\/strong>: 95W<br \/>\n<strong>\u017divotni vek sijalice<\/strong>: 8000h<\/p>\n<p>&nbsp;<\/p>\n","protected":false},"excerpt":{"rendered":"<p>Uni\u0161tava viruse, bakterije i ostale \u0161tetne materiju u vazduhu! ! ! Idealni su za kancelarije, prodavnice, lokale i ostale prostorije u kojim ima ljudi. UV sterilizator je zatvorenog tipa tako&hellip;<\/p>\n","protected":false},"featured_media":4145,"comment_status":"open","ping_status":"closed","template":"","meta":[],"product_brand":[],"product_cat":[32],"product_tag":[],"class_list":{"0":"post-4144","1":"product","2":"type-product","3":"status-publish","4":"has-post-thumbnail","6":"product_cat-uv-c-sterilizatori","8":"first","9":"instock","10":"taxable","11":"shipping-taxable","12":"purchasable","13":"product-type-simple"},"_links":{"self":[{"href":"https:\/\/snscompany.rs\/index.php?rest_route=\/wp\/v2\/product\/4144","targetHints":{"allow":["GET"]}}],"collection":[{"href":"https:\/\/snscompany.rs\/index.php?rest_route=\/wp\/v2\/product"}],"about":[{"href":"https:\/\/snscompany.rs\/index.php?rest_route=\/wp\/v2\/types\/product"}],"replies":[{"embeddable":true,"href":"https:\/\/snscompany.rs\/index.php?rest_route=%2Fwp%2Fv2%2Fcomments&post=4144"}],"wp:featuredmedia":[{"embeddable":true,"href":"https:\/\/snscompany.rs\/index.php?rest_route=\/wp\/v2\/media\/4145"}],"wp:attachment":[{"href":"https:\/\/snscompany.rs\/index.php?rest_route=%2Fwp%2Fv2%2Fmedia&parent=4144"}],"wp:term":[{"taxonomy":"product_brand","embeddable":true,"href":"https:\/\/snscompany.rs\/index.php?rest_route=%2Fwp%2Fv2%2Fproduct_brand&post=4144"},{"taxonomy":"product_cat","embeddable":true,"href":"https:\/\/snscompany.rs\/index.php?rest_route=%2Fwp%2Fv2%2Fproduct_cat&post=4144"},{"taxonomy":"product_tag","embeddable":true,"href":"https:\/\/snscompany.rs\/index.php?rest_route=%2Fwp%2Fv2%2Fproduct_tag&post=4144"}],"curies":[{"name":"wp","href":"https:\/\/api.w.org\/{rel}","templated":true}]}}