{"id":4438,"date":"2021-09-02T13:13:54","date_gmt":"2021-09-02T13:13:54","guid":{"rendered":"https:\/\/snscompany.rs\/?post_type=product&#038;p=4438"},"modified":"2025-09-19T08:54:25","modified_gmt":"2025-09-19T08:54:25","slug":"reflektor-12w-sivi","status":"publish","type":"product","link":"https:\/\/snscompany.rs\/?product=reflektor-12w-sivi","title":{"rendered":"Reflektor 12W sivi"},"content":{"rendered":"<p><strong>Reflektor 12W sivi<\/strong><\/p>\n<p>Reflektori imaju stabilno aluminijumsko kuc\u0301i\u0161te, \u0161to garantuje dobro hla\u0111enje i dug vek trajanja LED diode. Dizajnirani su za spoljnu rasvetu. Napajanje je napravljeno samo od pasivnih elemenata, \u0161to daje resurs od preko 50.000 sati. Omoguc\u0301ava laku instalaciju. U skladu sa EN 60598-1<\/p>\n<p><strong>\u0160ifra<\/strong>: 8412<br \/>\n<strong>Stepen za\u0161tite:<\/strong> IP 65<br \/>\n<strong>Klasa<\/strong>: I<br \/>\n<strong>CRI indeks prikazivanja boje<\/strong>: \u226580<br \/>\n<strong>Temperatura boje<\/strong>: 4000 K<br \/>\n<strong>Svetlosni tok<\/strong>: 1200 Lm<br \/>\n<strong>Napon napajanja<\/strong>: 230V \/ 12V<br \/>\n<strong>\u017divot<\/strong>: 50.000 h<br \/>\n<strong>Dizajnirano za<\/strong>: Industrijske hale, parking i drugo<br \/>\n<strong>Boja<\/strong>: Siva<br \/>\n<strong>Materijal<\/strong>: Aluminijumsko kuc\u0301i\u0161te<br \/>\n<strong>Veli\u010dina<\/strong>: 124x70x\u00d8111<br \/>\n<strong>Tip monta\u017ee<\/strong>: Plafon \/ Zid<br \/>\n<strong>Tip proizvoda<\/strong>: LED rasvjetna tijela<br \/>\n<strong>Radna temperatura<\/strong>: -30 \u00b0 C \/ + 50 \u00b0 C<br \/>\n<strong>Garancija<\/strong>: 2 godine<\/p>\n","protected":false},"excerpt":{"rendered":"<p>Reflektor 12W sivi Reflektori imaju stabilno aluminijumsko kuc\u0301i\u0161te, \u0161to garantuje dobro hla\u0111enje i dug vek trajanja LED diode. Dizajnirani su za spoljnu rasvetu. Napajanje je napravljeno samo od pasivnih elemenata,&hellip;<\/p>\n","protected":false},"featured_media":4439,"comment_status":"open","ping_status":"closed","template":"","meta":[],"product_brand":[],"product_cat":[26],"product_tag":[],"class_list":{"0":"post-4438","1":"product","2":"type-product","3":"status-publish","4":"has-post-thumbnail","6":"product_cat-led-rasveta","8":"first","9":"instock","10":"taxable","11":"shipping-taxable","12":"purchasable","13":"product-type-simple"},"_links":{"self":[{"href":"https:\/\/snscompany.rs\/index.php?rest_route=\/wp\/v2\/product\/4438","targetHints":{"allow":["GET"]}}],"collection":[{"href":"https:\/\/snscompany.rs\/index.php?rest_route=\/wp\/v2\/product"}],"about":[{"href":"https:\/\/snscompany.rs\/index.php?rest_route=\/wp\/v2\/types\/product"}],"replies":[{"embeddable":true,"href":"https:\/\/snscompany.rs\/index.php?rest_route=%2Fwp%2Fv2%2Fcomments&post=4438"}],"wp:featuredmedia":[{"embeddable":true,"href":"https:\/\/snscompany.rs\/index.php?rest_route=\/wp\/v2\/media\/4439"}],"wp:attachment":[{"href":"https:\/\/snscompany.rs\/index.php?rest_route=%2Fwp%2Fv2%2Fmedia&parent=4438"}],"wp:term":[{"taxonomy":"product_brand","embeddable":true,"href":"https:\/\/snscompany.rs\/index.php?rest_route=%2Fwp%2Fv2%2Fproduct_brand&post=4438"},{"taxonomy":"product_cat","embeddable":true,"href":"https:\/\/snscompany.rs\/index.php?rest_route=%2Fwp%2Fv2%2Fproduct_cat&post=4438"},{"taxonomy":"product_tag","embeddable":true,"href":"https:\/\/snscompany.rs\/index.php?rest_route=%2Fwp%2Fv2%2Fproduct_tag&post=4438"}],"curies":[{"name":"wp","href":"https:\/\/api.w.org\/{rel}","templated":true}]}}