{"id":4463,"date":"2021-09-08T14:20:42","date_gmt":"2021-09-08T14:20:42","guid":{"rendered":"https:\/\/snscompany.rs\/?post_type=product&#038;p=4463"},"modified":"2025-09-22T07:13:44","modified_gmt":"2025-09-22T07:13:44","slug":"sigurnosna-svetiljka-ta-3114","status":"publish","type":"product","link":"https:\/\/snscompany.rs\/?product=sigurnosna-svetiljka-ta-3114","title":{"rendered":"Panik lampa TA 3114"},"content":{"rendered":"<p><strong>Sigurnosna svetiljka TA 3114<\/strong><\/p>\n<p>Znak je napravljen od polikarbonata i \u010dvrstog aluminijumskog kuc\u0301i\u0161ta. Postoji univerzalna monta\u017ea na zid i plafon. U skladu sa EN 60598-1.<\/p>\n<p><strong>\u0160ifra<\/strong>: 3114<br \/>\n<strong>Tip proizvoda<\/strong>: LED natpisna plo\u010da<br \/>\n<strong>Vrsta monta\u017ee<\/strong>: Zid \/ Plafon<br \/>\n<strong>Dimenzije<\/strong>: 315x160x15<br \/>\n<strong>Materijal<\/strong>: Aluminijum i polikarbonat<br \/>\n<strong>Boja<\/strong>: Siva<br \/>\n<strong>Dizajnirano za<\/strong>: kancelarije, zajedni\u010dke prostorije, skladi\u0161ta, hodnike<br \/>\n<strong>Napon napajanja<\/strong>: 230V<br \/>\n<strong>Baterija<\/strong>: 3.6V \/ 60mAh, Ni-Cd<br \/>\n<strong>Pomoc\u0301no osvetljenje<\/strong>: 3h<br \/>\n<strong>Garancija<\/strong>: 2 godine<\/p>\n","protected":false},"excerpt":{"rendered":"<p>Sigurnosna svetiljka TA 3114 Znak je napravljen od polikarbonata i \u010dvrstog aluminijumskog kuc\u0301i\u0161ta. Postoji univerzalna monta\u017ea na zid i plafon. U skladu sa EN 60598-1. \u0160ifra: 3114 Tip proizvoda: LED&hellip;<\/p>\n","protected":false},"featured_media":4464,"comment_status":"open","ping_status":"closed","template":"","meta":[],"product_brand":[],"product_cat":[33],"product_tag":[],"class_list":{"0":"post-4463","1":"product","2":"type-product","3":"status-publish","4":"has-post-thumbnail","6":"product_cat-led-panik-lampa","8":"first","9":"instock","10":"taxable","11":"shipping-taxable","12":"purchasable","13":"product-type-simple"},"_links":{"self":[{"href":"https:\/\/snscompany.rs\/index.php?rest_route=\/wp\/v2\/product\/4463","targetHints":{"allow":["GET"]}}],"collection":[{"href":"https:\/\/snscompany.rs\/index.php?rest_route=\/wp\/v2\/product"}],"about":[{"href":"https:\/\/snscompany.rs\/index.php?rest_route=\/wp\/v2\/types\/product"}],"replies":[{"embeddable":true,"href":"https:\/\/snscompany.rs\/index.php?rest_route=%2Fwp%2Fv2%2Fcomments&post=4463"}],"wp:featuredmedia":[{"embeddable":true,"href":"https:\/\/snscompany.rs\/index.php?rest_route=\/wp\/v2\/media\/4464"}],"wp:attachment":[{"href":"https:\/\/snscompany.rs\/index.php?rest_route=%2Fwp%2Fv2%2Fmedia&parent=4463"}],"wp:term":[{"taxonomy":"product_brand","embeddable":true,"href":"https:\/\/snscompany.rs\/index.php?rest_route=%2Fwp%2Fv2%2Fproduct_brand&post=4463"},{"taxonomy":"product_cat","embeddable":true,"href":"https:\/\/snscompany.rs\/index.php?rest_route=%2Fwp%2Fv2%2Fproduct_cat&post=4463"},{"taxonomy":"product_tag","embeddable":true,"href":"https:\/\/snscompany.rs\/index.php?rest_route=%2Fwp%2Fv2%2Fproduct_tag&post=4463"}],"curies":[{"name":"wp","href":"https:\/\/api.w.org\/{rel}","templated":true}]}}