{"id":4546,"date":"2021-10-27T10:48:53","date_gmt":"2021-10-27T10:48:53","guid":{"rendered":"https:\/\/snscompany.rs\/?post_type=product&#038;p=4546"},"modified":"2025-09-19T08:53:15","modified_gmt":"2025-09-19T08:53:15","slug":"4546","status":"publish","type":"product","link":"https:\/\/snscompany.rs\/?product=4546","title":{"rendered":"Trostruki razvodnik sa postoljem"},"content":{"rendered":"<p><strong>Trostruki razvodnik sa postoljem<\/strong> &#8211; Proizvod je izra\u0111en od polikarbonata, ima ugra\u0111enu za\u0161titu od prenapona i preoptere\u0107enja i ugra\u0111eno no\u0107no osvetljenje sa senzorom. Postoje tri postolja na kojima se mo\u017ee istovremeno puniti do tri GSM ure\u0111aja. Dr\u017ea\u010di su namenjeni za mobilne telefone ili be\u017ei\u010dne punja\u010de, kako bi se nesmetano punili. Ivica dr\u017ea\u010da je oblo\u017eena gumom, kako bi se izbeglo klizanje i padanje ure\u0111aja koji se puni.\u00a0 Pogodno za dom i kancelariju. U skladu sa IEC 60884-1.<\/p>\n<p><em><strong>Specifikacije<\/strong><\/em><\/p>\n<p><strong>\u0160ifra<\/strong> :7145<br \/>\n<strong>Tip proizvoda<\/strong>: Elektroinstalacijski materijali<br \/>\n<strong>Stepen za\u0161tite IP<\/strong>: IP20<br \/>\n<strong>Materijal<\/strong>: polikarbonat<br \/>\n<strong>Boja:<\/strong> bela<br \/>\n<strong>Dizajniran za<\/strong>: ku\u0107nu kancelariju, enterijer<br \/>\n<strong>Napon napajanja:<\/strong> 250V \/ 16A<br \/>\n<strong>Garancija:<\/strong> 2 godine<\/p>\n","protected":false},"excerpt":{"rendered":"<p>Trostruki razvodnik sa postoljem &#8211; Proizvod je izra\u0111en od polikarbonata, ima ugra\u0111enu za\u0161titu od prenapona i preoptere\u0107enja i ugra\u0111eno no\u0107no osvetljenje sa senzorom. Postoje tri postolja na kojima se mo\u017ee&hellip;<\/p>\n","protected":false},"featured_media":4547,"comment_status":"open","ping_status":"closed","template":"","meta":[],"product_brand":[],"product_cat":[37],"product_tag":[],"class_list":{"0":"post-4546","1":"product","2":"type-product","3":"status-publish","4":"has-post-thumbnail","6":"product_cat-proizvodi-sa-prenaponskom-zastitom","8":"first","9":"instock","10":"taxable","11":"shipping-taxable","12":"purchasable","13":"product-type-simple"},"_links":{"self":[{"href":"https:\/\/snscompany.rs\/index.php?rest_route=\/wp\/v2\/product\/4546","targetHints":{"allow":["GET"]}}],"collection":[{"href":"https:\/\/snscompany.rs\/index.php?rest_route=\/wp\/v2\/product"}],"about":[{"href":"https:\/\/snscompany.rs\/index.php?rest_route=\/wp\/v2\/types\/product"}],"replies":[{"embeddable":true,"href":"https:\/\/snscompany.rs\/index.php?rest_route=%2Fwp%2Fv2%2Fcomments&post=4546"}],"wp:featuredmedia":[{"embeddable":true,"href":"https:\/\/snscompany.rs\/index.php?rest_route=\/wp\/v2\/media\/4547"}],"wp:attachment":[{"href":"https:\/\/snscompany.rs\/index.php?rest_route=%2Fwp%2Fv2%2Fmedia&parent=4546"}],"wp:term":[{"taxonomy":"product_brand","embeddable":true,"href":"https:\/\/snscompany.rs\/index.php?rest_route=%2Fwp%2Fv2%2Fproduct_brand&post=4546"},{"taxonomy":"product_cat","embeddable":true,"href":"https:\/\/snscompany.rs\/index.php?rest_route=%2Fwp%2Fv2%2Fproduct_cat&post=4546"},{"taxonomy":"product_tag","embeddable":true,"href":"https:\/\/snscompany.rs\/index.php?rest_route=%2Fwp%2Fv2%2Fproduct_tag&post=4546"}],"curies":[{"name":"wp","href":"https:\/\/api.w.org\/{rel}","templated":true}]}}