{"id":4904,"date":"2021-12-22T23:01:55","date_gmt":"2021-12-22T23:01:55","guid":{"rendered":"https:\/\/snscompany.rs\/?post_type=product&#038;p=4904"},"modified":"2025-09-19T08:52:36","modified_gmt":"2025-09-19T08:52:36","slug":"prikljucnica-dvostruka-bela-5222","status":"publish","type":"product","link":"https:\/\/snscompany.rs\/?product=prikljucnica-dvostruka-bela-5222","title":{"rendered":"Priklju\u010dnica dvostruka bela 5222"},"content":{"rendered":"<p><strong>Retro priklju\u010dnica<\/strong> je odli\u010dan spoj dizajna iz\u00a0 pro\u0161losti i tehnologije sada\u0161njosti. Namenjena je za spolja\u0161nju instalaciju i pogodna je za besprekorno povezivanje sa savremenim spoljnim instalacijama. Ima dva priklju\u010dna mesto, \u0161to omogu\u010dava da se dva uredjaja bez pote\u0161ko\u0107a uklju\u010de.<\/p>\n<p><strong>\u0160ifra proizvoda: 5222<\/strong><\/p>\n<p>Tip proizvoda: Elektroinstalacijski materijali<br \/>\nVrsta monta\u017ee: spoljni zid<br \/>\nBroj gnezda: dva<br \/>\nMaterijal: polikarbonat<br \/>\nBoja:bela<br \/>\nDizajniran za: spoljnu instalaciju, enterijer<br \/>\nNapon napajanja: 250V \/ 16A<br \/>\nGarancija: 2 godine<\/p>\n","protected":false},"excerpt":{"rendered":"<p>Retro priklju\u010dnica je odli\u010dan spoj dizajna iz\u00a0 pro\u0161losti i tehnologije sada\u0161njosti. Namenjena je za spolja\u0161nju instalaciju i pogodna je za besprekorno povezivanje sa savremenim spoljnim instalacijama. Ima dva priklju\u010dna mesto,&hellip;<\/p>\n","protected":false},"featured_media":4905,"comment_status":"open","ping_status":"closed","template":"","meta":[],"product_brand":[],"product_cat":[28],"product_tag":[],"class_list":{"0":"post-4904","1":"product","2":"type-product","3":"status-publish","4":"has-post-thumbnail","6":"product_cat-prikljucnice","8":"first","9":"instock","10":"taxable","11":"shipping-taxable","12":"purchasable","13":"product-type-simple"},"_links":{"self":[{"href":"https:\/\/snscompany.rs\/index.php?rest_route=\/wp\/v2\/product\/4904","targetHints":{"allow":["GET"]}}],"collection":[{"href":"https:\/\/snscompany.rs\/index.php?rest_route=\/wp\/v2\/product"}],"about":[{"href":"https:\/\/snscompany.rs\/index.php?rest_route=\/wp\/v2\/types\/product"}],"replies":[{"embeddable":true,"href":"https:\/\/snscompany.rs\/index.php?rest_route=%2Fwp%2Fv2%2Fcomments&post=4904"}],"wp:featuredmedia":[{"embeddable":true,"href":"https:\/\/snscompany.rs\/index.php?rest_route=\/wp\/v2\/media\/4905"}],"wp:attachment":[{"href":"https:\/\/snscompany.rs\/index.php?rest_route=%2Fwp%2Fv2%2Fmedia&parent=4904"}],"wp:term":[{"taxonomy":"product_brand","embeddable":true,"href":"https:\/\/snscompany.rs\/index.php?rest_route=%2Fwp%2Fv2%2Fproduct_brand&post=4904"},{"taxonomy":"product_cat","embeddable":true,"href":"https:\/\/snscompany.rs\/index.php?rest_route=%2Fwp%2Fv2%2Fproduct_cat&post=4904"},{"taxonomy":"product_tag","embeddable":true,"href":"https:\/\/snscompany.rs\/index.php?rest_route=%2Fwp%2Fv2%2Fproduct_tag&post=4904"}],"curies":[{"name":"wp","href":"https:\/\/api.w.org\/{rel}","templated":true}]}}