{"id":4906,"date":"2021-12-22T23:08:22","date_gmt":"2021-12-22T23:08:22","guid":{"rendered":"https:\/\/snscompany.rs\/?post_type=product&#038;p=4906"},"modified":"2025-09-19T08:52:29","modified_gmt":"2025-09-19T08:52:29","slug":"prikljucnica-trostruka-5223","status":"publish","type":"product","link":"https:\/\/snscompany.rs\/?product=prikljucnica-trostruka-5223","title":{"rendered":"Priklju\u010dnica trostruka 5223"},"content":{"rendered":"<p><strong>Retro priklju\u010dnica<\/strong> je odli\u010dan spoj dizajna iz\u00a0 pro\u0161losti i tehnologije sada\u0161njosti. Namenjena je za spolja\u0161nju instalaciju i pogodna je za besprekorno povezivanje sa savremenim spoljnim instalacijama. Ima tri priklju\u010dna mesto, \u0161to omogu\u010dava da se vi\u0161e ure\u0111aja bez pote\u0161ko\u0107a uklju\u010de.<\/p>\n<p><strong>\u0160ifra proizvoda: 5223<\/strong><\/p>\n<p>Tip proizvoda: Elektroinstalacijski materijali<br \/>\nVrsta monta\u017ee: spoljni zid<br \/>\nBroj gnezda: dva<br \/>\nMaterijal: Polikarbonat<br \/>\nBoja: Bela<br \/>\nDizajniran za: spoljnu instalaciju, enterijer<br \/>\nNapon napajanja: 250V \/ 16A<br \/>\nGarancija: 2 godine<\/p>\n","protected":false},"excerpt":{"rendered":"<p>Retro priklju\u010dnica je odli\u010dan spoj dizajna iz\u00a0 pro\u0161losti i tehnologije sada\u0161njosti. Namenjena je za spolja\u0161nju instalaciju i pogodna je za besprekorno povezivanje sa savremenim spoljnim instalacijama. Ima tri priklju\u010dna mesto,&hellip;<\/p>\n","protected":false},"featured_media":4907,"comment_status":"open","ping_status":"closed","template":"","meta":[],"product_brand":[],"product_cat":[28],"product_tag":[],"class_list":{"0":"post-4906","1":"product","2":"type-product","3":"status-publish","4":"has-post-thumbnail","6":"product_cat-prikljucnice","8":"first","9":"instock","10":"taxable","11":"shipping-taxable","12":"purchasable","13":"product-type-simple"},"_links":{"self":[{"href":"https:\/\/snscompany.rs\/index.php?rest_route=\/wp\/v2\/product\/4906","targetHints":{"allow":["GET"]}}],"collection":[{"href":"https:\/\/snscompany.rs\/index.php?rest_route=\/wp\/v2\/product"}],"about":[{"href":"https:\/\/snscompany.rs\/index.php?rest_route=\/wp\/v2\/types\/product"}],"replies":[{"embeddable":true,"href":"https:\/\/snscompany.rs\/index.php?rest_route=%2Fwp%2Fv2%2Fcomments&post=4906"}],"wp:featuredmedia":[{"embeddable":true,"href":"https:\/\/snscompany.rs\/index.php?rest_route=\/wp\/v2\/media\/4907"}],"wp:attachment":[{"href":"https:\/\/snscompany.rs\/index.php?rest_route=%2Fwp%2Fv2%2Fmedia&parent=4906"}],"wp:term":[{"taxonomy":"product_brand","embeddable":true,"href":"https:\/\/snscompany.rs\/index.php?rest_route=%2Fwp%2Fv2%2Fproduct_brand&post=4906"},{"taxonomy":"product_cat","embeddable":true,"href":"https:\/\/snscompany.rs\/index.php?rest_route=%2Fwp%2Fv2%2Fproduct_cat&post=4906"},{"taxonomy":"product_tag","embeddable":true,"href":"https:\/\/snscompany.rs\/index.php?rest_route=%2Fwp%2Fv2%2Fproduct_tag&post=4906"}],"curies":[{"name":"wp","href":"https:\/\/api.w.org\/{rel}","templated":true}]}}