{"id":4962,"date":"2022-02-09T11:15:26","date_gmt":"2022-02-09T11:15:26","guid":{"rendered":"https:\/\/snscompany.rs\/?post_type=product&#038;p=4962"},"modified":"2025-09-19T08:52:12","modified_gmt":"2025-09-19T08:52:12","slug":"prikljucnica-akva-1-art-1139","status":"publish","type":"product","link":"https:\/\/snscompany.rs\/?product=prikljucnica-akva-1-art-1139","title":{"rendered":"Priklju\u010dnica vodootporna ART.1139"},"content":{"rendered":"<p>Specifikacija:<\/p>\n<p>\u0160ifra: 1139<br \/>\nBoja: bela<br \/>\nMaterijal: polikarbonat<br \/>\nStepen za\u0161tite: IP 44<br \/>\nMaksimalna radna struja: 16A<br \/>\nMaksimalni radni napon: 250V<br \/>\nVrsta monta\u017ee: na otvorenom<br \/>\nGarancija: 2 godine<br \/>\nUkupne dimenzije: 75x87x63<\/p>\n","protected":false},"excerpt":{"rendered":"<p>Specifikacija: \u0160ifra: 1139 Boja: bela Materijal: polikarbonat Stepen za\u0161tite: IP 44 Maksimalna radna struja: 16A Maksimalni radni napon: 250V Vrsta monta\u017ee: na otvorenom Garancija: 2 godine Ukupne dimenzije: 75x87x63<\/p>\n","protected":false},"featured_media":4963,"comment_status":"open","ping_status":"closed","template":"","meta":[],"product_brand":[],"product_cat":[28],"product_tag":[],"class_list":{"0":"post-4962","1":"product","2":"type-product","3":"status-publish","4":"has-post-thumbnail","6":"product_cat-prikljucnice","8":"first","9":"instock","10":"taxable","11":"shipping-taxable","12":"purchasable","13":"product-type-simple"},"_links":{"self":[{"href":"https:\/\/snscompany.rs\/index.php?rest_route=\/wp\/v2\/product\/4962","targetHints":{"allow":["GET"]}}],"collection":[{"href":"https:\/\/snscompany.rs\/index.php?rest_route=\/wp\/v2\/product"}],"about":[{"href":"https:\/\/snscompany.rs\/index.php?rest_route=\/wp\/v2\/types\/product"}],"replies":[{"embeddable":true,"href":"https:\/\/snscompany.rs\/index.php?rest_route=%2Fwp%2Fv2%2Fcomments&post=4962"}],"wp:featuredmedia":[{"embeddable":true,"href":"https:\/\/snscompany.rs\/index.php?rest_route=\/wp\/v2\/media\/4963"}],"wp:attachment":[{"href":"https:\/\/snscompany.rs\/index.php?rest_route=%2Fwp%2Fv2%2Fmedia&parent=4962"}],"wp:term":[{"taxonomy":"product_brand","embeddable":true,"href":"https:\/\/snscompany.rs\/index.php?rest_route=%2Fwp%2Fv2%2Fproduct_brand&post=4962"},{"taxonomy":"product_cat","embeddable":true,"href":"https:\/\/snscompany.rs\/index.php?rest_route=%2Fwp%2Fv2%2Fproduct_cat&post=4962"},{"taxonomy":"product_tag","embeddable":true,"href":"https:\/\/snscompany.rs\/index.php?rest_route=%2Fwp%2Fv2%2Fproduct_tag&post=4962"}],"curies":[{"name":"wp","href":"https:\/\/api.w.org\/{rel}","templated":true}]}}