{"id":5005,"date":"2022-03-10T15:59:21","date_gmt":"2022-03-10T15:59:21","guid":{"rendered":"https:\/\/snscompany.rs\/?post_type=product&#038;p=5005"},"modified":"2025-09-19T08:51:34","modified_gmt":"2025-09-19T08:51:34","slug":"produzni-kabel-6-mesta-15m","status":"publish","type":"product","link":"https:\/\/snscompany.rs\/?product=produzni-kabel-6-mesta-15m","title":{"rendered":"Produ\u017eni kabel 6 mesta, 1,5m"},"content":{"rendered":"<p>Proizvod je napravljen od polikarbonata. Svaka uti\u010dnica se mo\u017ee rotirati u odnosu na susednu za \u00b1 60 stepeni, \u0161to omoguc\u0301ava povezivanje svih vrsta utika\u010da i adaptera.<br \/>\nUtika\u010d ima ugra\u0111enu za\u0161titu od prenapona i preopterec\u0301enja, kao i od stati\u010dkog naboja, groma i drugih atmosferskih pojava.<br \/>\nKada radi iznad 16A i 275V ili iznad 190J, zelena\u00a0 LED lampica prestaje da svetli i proizvod se mora zameniti. U skladu sa IEC 60884-1.<br \/>\nNa krajevima ure\u0111aja se nalaze rupe kroz koje se moze utiplati u zid, drvo, gips.<\/p>\n<p>Specifikacija:<\/p>\n<p>\u0160ifra: 7147<br \/>\nBoja: Bela, siva<br \/>\nMaksimalni radni napon: 250V<br \/>\nMaksimalna radna struja: 16A<br \/>\nStepen za\u0161tite: IP 20<br \/>\nDu\u017eina kabla: 1,5 m.<br \/>\nMaterijal: polikarbonat<br \/>\nGarancija: 2 godine<\/p>\n","protected":false},"excerpt":{"rendered":"<p>Proizvod je napravljen od polikarbonata. Svaka uti\u010dnica se mo\u017ee rotirati u odnosu na susednu za \u00b1 60 stepeni, \u0161to omoguc\u0301ava povezivanje svih vrsta utika\u010da i adaptera. Utika\u010d ima ugra\u0111enu za\u0161titu&hellip;<\/p>\n","protected":false},"featured_media":5006,"comment_status":"open","ping_status":"closed","template":"","meta":[],"product_brand":[],"product_cat":[34],"product_tag":[],"class_list":{"0":"post-5005","1":"product","2":"type-product","3":"status-publish","4":"has-post-thumbnail","6":"product_cat-produzni-kabel-sa-prenaponskom-zastitom","8":"first","9":"instock","10":"taxable","11":"shipping-taxable","12":"purchasable","13":"product-type-simple"},"_links":{"self":[{"href":"https:\/\/snscompany.rs\/index.php?rest_route=\/wp\/v2\/product\/5005","targetHints":{"allow":["GET"]}}],"collection":[{"href":"https:\/\/snscompany.rs\/index.php?rest_route=\/wp\/v2\/product"}],"about":[{"href":"https:\/\/snscompany.rs\/index.php?rest_route=\/wp\/v2\/types\/product"}],"replies":[{"embeddable":true,"href":"https:\/\/snscompany.rs\/index.php?rest_route=%2Fwp%2Fv2%2Fcomments&post=5005"}],"wp:featuredmedia":[{"embeddable":true,"href":"https:\/\/snscompany.rs\/index.php?rest_route=\/wp\/v2\/media\/5006"}],"wp:attachment":[{"href":"https:\/\/snscompany.rs\/index.php?rest_route=%2Fwp%2Fv2%2Fmedia&parent=5005"}],"wp:term":[{"taxonomy":"product_brand","embeddable":true,"href":"https:\/\/snscompany.rs\/index.php?rest_route=%2Fwp%2Fv2%2Fproduct_brand&post=5005"},{"taxonomy":"product_cat","embeddable":true,"href":"https:\/\/snscompany.rs\/index.php?rest_route=%2Fwp%2Fv2%2Fproduct_cat&post=5005"},{"taxonomy":"product_tag","embeddable":true,"href":"https:\/\/snscompany.rs\/index.php?rest_route=%2Fwp%2Fv2%2Fproduct_tag&post=5005"}],"curies":[{"name":"wp","href":"https:\/\/api.w.org\/{rel}","templated":true}]}}