{"id":5016,"date":"2022-03-15T14:29:30","date_gmt":"2022-03-15T14:29:30","guid":{"rendered":"https:\/\/snscompany.rs\/?post_type=product&#038;p=5016"},"modified":"2025-09-19T08:51:28","modified_gmt":"2025-09-19T08:51:28","slug":"prikljucnica-vodootporna-dupla-ip44","status":"publish","type":"product","link":"https:\/\/snscompany.rs\/?product=prikljucnica-vodootporna-dupla-ip44","title":{"rendered":"Priklju\u010dnica vodootporna dupla IP44"},"content":{"rendered":"<p>Proizvod je napravljen od polikarbonata. Ima veoma stabilan kontakt sistem i IP44 stepen za\u0161tite. Prednost serije je u tome \u0161to je kod priklju\u010denih potro\u0161a\u010da stepen za\u0161tite IP43, dok je kod tradicionalnih kontakta otpornih na vlagu IP30<\/p>\n<p>Specifikacija:<\/p>\n<p>\u0160ifra: 1139<br \/>\nBoja: bela<br \/>\nMaterijal: polikarbonat<br \/>\nStepen za\u0161tite: IP 44<br \/>\nMaksimalna radna struja: 16A<br \/>\nMaksimalni radni napon: 250V<br \/>\nVrsta monta\u017ee: na otvorenom<br \/>\nGarancija: 2 godine<br \/>\nUkupne dimenzije: 138x77x63<\/p>\n","protected":false},"excerpt":{"rendered":"<p>Proizvod je napravljen od polikarbonata. Ima veoma stabilan kontakt sistem i IP44 stepen za\u0161tite. Prednost serije je u tome \u0161to je kod priklju\u010denih potro\u0161a\u010da stepen za\u0161tite IP43, dok je kod&hellip;<\/p>\n","protected":false},"featured_media":5017,"comment_status":"open","ping_status":"closed","template":"","meta":[],"product_brand":[],"product_cat":[28],"product_tag":[],"class_list":{"0":"post-5016","1":"product","2":"type-product","3":"status-publish","4":"has-post-thumbnail","6":"product_cat-prikljucnice","8":"first","9":"instock","10":"taxable","11":"shipping-taxable","12":"purchasable","13":"product-type-simple"},"_links":{"self":[{"href":"https:\/\/snscompany.rs\/index.php?rest_route=\/wp\/v2\/product\/5016","targetHints":{"allow":["GET"]}}],"collection":[{"href":"https:\/\/snscompany.rs\/index.php?rest_route=\/wp\/v2\/product"}],"about":[{"href":"https:\/\/snscompany.rs\/index.php?rest_route=\/wp\/v2\/types\/product"}],"replies":[{"embeddable":true,"href":"https:\/\/snscompany.rs\/index.php?rest_route=%2Fwp%2Fv2%2Fcomments&post=5016"}],"wp:featuredmedia":[{"embeddable":true,"href":"https:\/\/snscompany.rs\/index.php?rest_route=\/wp\/v2\/media\/5017"}],"wp:attachment":[{"href":"https:\/\/snscompany.rs\/index.php?rest_route=%2Fwp%2Fv2%2Fmedia&parent=5016"}],"wp:term":[{"taxonomy":"product_brand","embeddable":true,"href":"https:\/\/snscompany.rs\/index.php?rest_route=%2Fwp%2Fv2%2Fproduct_brand&post=5016"},{"taxonomy":"product_cat","embeddable":true,"href":"https:\/\/snscompany.rs\/index.php?rest_route=%2Fwp%2Fv2%2Fproduct_cat&post=5016"},{"taxonomy":"product_tag","embeddable":true,"href":"https:\/\/snscompany.rs\/index.php?rest_route=%2Fwp%2Fv2%2Fproduct_tag&post=5016"}],"curies":[{"name":"wp","href":"https:\/\/api.w.org\/{rel}","templated":true}]}}