{"id":5461,"date":"2022-11-30T20:38:35","date_gmt":"2022-11-30T20:38:35","guid":{"rendered":"https:\/\/snscompany.rs\/?post_type=product&#038;p=5461"},"modified":"2025-09-19T08:50:23","modified_gmt":"2025-09-19T08:50:23","slug":"produzni-kabel-4-mesta-3m","status":"publish","type":"product","link":"https:\/\/snscompany.rs\/?product=produzni-kabel-4-mesta-3m","title":{"rendered":"Produ\u017eni kabel 4 mesta, 3m"},"content":{"rendered":"<p>Proizvod je napravljen od polikarbonata. Svaka uti\u010dnica se mo\u017ee rotirati u odnosu na susednu za \u00b1 60 stepeni, \u0161to omoguc\u0301ava povezivanje svih vrsta utika\u010da i adaptera.<br \/>\nUtika\u010d ima ugra\u0111enu za\u0161titu od prenapona i preopterec\u0301enja, kao i od stati\u010dkog naboja, groma i drugih atmosferskih pojava.<br \/>\nKada radi iznad 16A i 275V ili iznad 190J, zelena\u00a0 LED lampica prestaje da svetli i proizvod se mora zameniti. U skladu sa IEC 60884-1.<br \/>\nNa krajevima ure\u0111aja se nalaze rupe kroz koje se moze utiplati u zid, drvo, gips.<\/p>\n<p>Specifikacija:<\/p>\n<p><strong>\u0160ifra<\/strong>: 7154<br \/>\n<strong>Boja<\/strong>: Bela, siva<br \/>\n<strong>Maksimalni radni napon<\/strong>: 250V<br \/>\n<strong>Maksimalna radna struja<\/strong>: 16A<br \/>\n<strong>Stepen za\u0161tite<\/strong>: IP 20<br \/>\n<strong>Du\u017eina<\/strong> kabla: 3m.<br \/>\n<strong>Materijal<\/strong>: polikarbonat<br \/>\n<strong>Garancija<\/strong>: 2 godine<\/p>\n","protected":false},"excerpt":{"rendered":"<p>Proizvod je napravljen od polikarbonata. Svaka uti\u010dnica se mo\u017ee rotirati u odnosu na susednu za \u00b1 60 stepeni, \u0161to omoguc\u0301ava povezivanje svih vrsta utika\u010da i adaptera. Utika\u010d ima ugra\u0111enu za\u0161titu&hellip;<\/p>\n","protected":false},"featured_media":4992,"comment_status":"open","ping_status":"closed","template":"","meta":[],"product_brand":[],"product_cat":[34],"product_tag":[],"class_list":{"0":"post-5461","1":"product","2":"type-product","3":"status-publish","4":"has-post-thumbnail","6":"product_cat-produzni-kabel-sa-prenaponskom-zastitom","8":"first","9":"instock","10":"taxable","11":"shipping-taxable","12":"purchasable","13":"product-type-simple"},"_links":{"self":[{"href":"https:\/\/snscompany.rs\/index.php?rest_route=\/wp\/v2\/product\/5461","targetHints":{"allow":["GET"]}}],"collection":[{"href":"https:\/\/snscompany.rs\/index.php?rest_route=\/wp\/v2\/product"}],"about":[{"href":"https:\/\/snscompany.rs\/index.php?rest_route=\/wp\/v2\/types\/product"}],"replies":[{"embeddable":true,"href":"https:\/\/snscompany.rs\/index.php?rest_route=%2Fwp%2Fv2%2Fcomments&post=5461"}],"wp:featuredmedia":[{"embeddable":true,"href":"https:\/\/snscompany.rs\/index.php?rest_route=\/wp\/v2\/media\/4992"}],"wp:attachment":[{"href":"https:\/\/snscompany.rs\/index.php?rest_route=%2Fwp%2Fv2%2Fmedia&parent=5461"}],"wp:term":[{"taxonomy":"product_brand","embeddable":true,"href":"https:\/\/snscompany.rs\/index.php?rest_route=%2Fwp%2Fv2%2Fproduct_brand&post=5461"},{"taxonomy":"product_cat","embeddable":true,"href":"https:\/\/snscompany.rs\/index.php?rest_route=%2Fwp%2Fv2%2Fproduct_cat&post=5461"},{"taxonomy":"product_tag","embeddable":true,"href":"https:\/\/snscompany.rs\/index.php?rest_route=%2Fwp%2Fv2%2Fproduct_tag&post=5461"}],"curies":[{"name":"wp","href":"https:\/\/api.w.org\/{rel}","templated":true}]}}