{"id":5695,"date":"2023-07-07T13:34:39","date_gmt":"2023-07-07T13:34:39","guid":{"rendered":"https:\/\/snscompany.rs\/?post_type=product&#038;p=5695"},"modified":"2025-09-19T08:48:56","modified_gmt":"2025-09-19T08:48:56","slug":"razvodnik-gumirani-dvostruki-art-7158","status":"publish","type":"product","link":"https:\/\/snscompany.rs\/?product=razvodnik-gumirani-dvostruki-art-7158","title":{"rendered":"Razvodnik gumirani dvostruki Art. 7158"},"content":{"rendered":"<p>Proizvod je napravljen od \u010dvrste gume. Ima poja\u010dan kontakt sistem. Pogodan je za rad u te\u0161kim spolja\u0161njim uslovima. Izdr\u017eava mehani\u010dka opterec\u0301enja. U skladu sa IEC 60884-1.<\/p>\n<p>Maksimalni radni napon: 250V<\/p>\n<p>Maksimalna radna struja: 16A<\/p>\n<p>Stepen za\u0161tite : IP44<\/p>\n<p>Materijal: Guma, mesing, polikarbonat<\/p>\n<p>Boja: Crna<\/p>\n<p>Garancija: 2 godine<\/p>\n<p>&nbsp;<\/p>\n","protected":false},"excerpt":{"rendered":"<p>Proizvod je napravljen od \u010dvrste gume. Ima poja\u010dan kontakt sistem. Pogodan je za rad u te\u0161kim spolja\u0161njim uslovima. Izdr\u017eava mehani\u010dka opterec\u0301enja. U skladu sa IEC 60884-1. Maksimalni radni napon: 250V&hellip;<\/p>\n","protected":false},"featured_media":5696,"comment_status":"open","ping_status":"closed","template":"","meta":[],"product_brand":[],"product_cat":[25],"product_tag":[],"class_list":{"0":"post-5695","1":"product","2":"type-product","3":"status-publish","4":"has-post-thumbnail","6":"product_cat-gumirane-uticnice-i-utikaci","8":"first","9":"instock","10":"taxable","11":"shipping-taxable","12":"purchasable","13":"product-type-simple"},"_links":{"self":[{"href":"https:\/\/snscompany.rs\/index.php?rest_route=\/wp\/v2\/product\/5695","targetHints":{"allow":["GET"]}}],"collection":[{"href":"https:\/\/snscompany.rs\/index.php?rest_route=\/wp\/v2\/product"}],"about":[{"href":"https:\/\/snscompany.rs\/index.php?rest_route=\/wp\/v2\/types\/product"}],"replies":[{"embeddable":true,"href":"https:\/\/snscompany.rs\/index.php?rest_route=%2Fwp%2Fv2%2Fcomments&post=5695"}],"wp:featuredmedia":[{"embeddable":true,"href":"https:\/\/snscompany.rs\/index.php?rest_route=\/wp\/v2\/media\/5696"}],"wp:attachment":[{"href":"https:\/\/snscompany.rs\/index.php?rest_route=%2Fwp%2Fv2%2Fmedia&parent=5695"}],"wp:term":[{"taxonomy":"product_brand","embeddable":true,"href":"https:\/\/snscompany.rs\/index.php?rest_route=%2Fwp%2Fv2%2Fproduct_brand&post=5695"},{"taxonomy":"product_cat","embeddable":true,"href":"https:\/\/snscompany.rs\/index.php?rest_route=%2Fwp%2Fv2%2Fproduct_cat&post=5695"},{"taxonomy":"product_tag","embeddable":true,"href":"https:\/\/snscompany.rs\/index.php?rest_route=%2Fwp%2Fv2%2Fproduct_tag&post=5695"}],"curies":[{"name":"wp","href":"https:\/\/api.w.org\/{rel}","templated":true}]}}