{"id":6005,"date":"2024-04-15T09:44:02","date_gmt":"2024-04-15T09:44:02","guid":{"rendered":"https:\/\/snscompany.rs\/?post_type=product&#038;p=6005"},"modified":"2025-09-18T21:26:38","modified_gmt":"2025-09-18T21:26:38","slug":"svetiljka-aria-led-12w","status":"publish","type":"product","link":"https:\/\/snscompany.rs\/?product=svetiljka-aria-led-12w","title":{"rendered":"Svetiljka Aria LED 12W"},"content":{"rendered":"<p>Telo je napravljeno od aluminijumske osnove, difuzora i dekorativnih elemenata od polikarbonata. Diode su integrisane u bazu radi boljeg hla\u0111enja i dugog veka trajanja. Napajanje je napravljeno samo od pasivnih elemenata, \u0161to daje resurs od vi\u0161e od 50.000 sati. Namenjen je za ugradnju fasada, terasa itd.<\/p>\n<p>Boja: bela<\/p>\n<p>Materijal:\u00a0 Aluminijum, Polikarbonat<\/p>\n<p>Klasa: I<\/p>\n<p>Stepen za\u0161tite: IP 54<\/p>\n<p>Radna temperatura: -30\u00b0C \/ +50\u00b0C<\/p>\n<p>\u017divotni vek: 50.000 h<\/p>\n<p>Tip monta\u017ee: Zid, plafon<\/p>\n<p>Boja svetlosti: 4000K \/ SAMSUNG<\/p>\n<p>Svetlosni fluks: 1200lm<\/p>\n<p>Snaga: 12W<\/p>\n<p>Napon: 230V, 50Hz<\/p>\n<p>Svrha: Terase, Fasade<\/p>\n<p>Dimenzje: 350x120x80<\/p>\n<p>Indeks predstavlja \u226580<\/p>\n<p>Energetska klasa: F<\/p>\n<p>Garancija: 2 godine<\/p>\n","protected":false},"excerpt":{"rendered":"<p>Telo je napravljeno od aluminijumske osnove, difuzora i dekorativnih elemenata od polikarbonata. Diode su integrisane u bazu radi boljeg hla\u0111enja i dugog veka trajanja. Napajanje je napravljeno samo od pasivnih&hellip;<\/p>\n","protected":false},"featured_media":4392,"comment_status":"open","ping_status":"closed","template":"","meta":[],"product_brand":[],"product_cat":[26],"product_tag":[],"class_list":{"0":"post-6005","1":"product","2":"type-product","3":"status-publish","4":"has-post-thumbnail","6":"product_cat-led-rasveta","8":"first","9":"instock","10":"taxable","11":"shipping-taxable","12":"purchasable","13":"product-type-simple"},"_links":{"self":[{"href":"https:\/\/snscompany.rs\/index.php?rest_route=\/wp\/v2\/product\/6005","targetHints":{"allow":["GET"]}}],"collection":[{"href":"https:\/\/snscompany.rs\/index.php?rest_route=\/wp\/v2\/product"}],"about":[{"href":"https:\/\/snscompany.rs\/index.php?rest_route=\/wp\/v2\/types\/product"}],"replies":[{"embeddable":true,"href":"https:\/\/snscompany.rs\/index.php?rest_route=%2Fwp%2Fv2%2Fcomments&post=6005"}],"wp:featuredmedia":[{"embeddable":true,"href":"https:\/\/snscompany.rs\/index.php?rest_route=\/wp\/v2\/media\/4392"}],"wp:attachment":[{"href":"https:\/\/snscompany.rs\/index.php?rest_route=%2Fwp%2Fv2%2Fmedia&parent=6005"}],"wp:term":[{"taxonomy":"product_brand","embeddable":true,"href":"https:\/\/snscompany.rs\/index.php?rest_route=%2Fwp%2Fv2%2Fproduct_brand&post=6005"},{"taxonomy":"product_cat","embeddable":true,"href":"https:\/\/snscompany.rs\/index.php?rest_route=%2Fwp%2Fv2%2Fproduct_cat&post=6005"},{"taxonomy":"product_tag","embeddable":true,"href":"https:\/\/snscompany.rs\/index.php?rest_route=%2Fwp%2Fv2%2Fproduct_tag&post=6005"}],"curies":[{"name":"wp","href":"https:\/\/api.w.org\/{rel}","templated":true}]}}