{"id":6028,"date":"2024-04-16T09:42:15","date_gmt":"2024-04-16T09:42:15","guid":{"rendered":"https:\/\/snscompany.rs\/?post_type=product&#038;p=6028"},"modified":"2025-09-18T21:25:05","modified_gmt":"2025-09-18T21:25:05","slug":"razvodna-kutija-ip44","status":"publish","type":"product","link":"https:\/\/snscompany.rs\/?product=razvodna-kutija-ip44","title":{"rendered":"Razvodna kutija IP44"},"content":{"rendered":"<p>Retro serija kombinuje sec\u0301anje i duh pro\u0161losti i najbolje od tehnologije sada\u0161njosti. Serija je za spolja\u0161nju instalaciju i prilago\u0111ena je za besprekorno povezivanje sa savremenim spoljnim instalacijama.<\/p>\n<p>Tip monta\u017ee: Otkriven<br \/>\nStepen za\u0161tite: IP44<br \/>\nMaterijal: Polikarbonat<br \/>\nBoja: Crna<br \/>\nGarancija: 2 godine<\/p>\n","protected":false},"excerpt":{"rendered":"<p>Retro serija kombinuje sec\u0301anje i duh pro\u0161losti i najbolje od tehnologije sada\u0161njosti. Serija je za spolja\u0161nju instalaciju i prilago\u0111ena je za besprekorno povezivanje sa savremenim spoljnim instalacijama. Tip monta\u017ee: Otkriven&hellip;<\/p>\n","protected":false},"featured_media":6029,"comment_status":"open","ping_status":"closed","template":"","meta":[],"product_brand":[],"product_cat":[28],"product_tag":[],"class_list":{"0":"post-6028","1":"product","2":"type-product","3":"status-publish","4":"has-post-thumbnail","6":"product_cat-prikljucnice","8":"first","9":"instock","10":"taxable","11":"shipping-taxable","12":"purchasable","13":"product-type-simple"},"_links":{"self":[{"href":"https:\/\/snscompany.rs\/index.php?rest_route=\/wp\/v2\/product\/6028","targetHints":{"allow":["GET"]}}],"collection":[{"href":"https:\/\/snscompany.rs\/index.php?rest_route=\/wp\/v2\/product"}],"about":[{"href":"https:\/\/snscompany.rs\/index.php?rest_route=\/wp\/v2\/types\/product"}],"replies":[{"embeddable":true,"href":"https:\/\/snscompany.rs\/index.php?rest_route=%2Fwp%2Fv2%2Fcomments&post=6028"}],"wp:featuredmedia":[{"embeddable":true,"href":"https:\/\/snscompany.rs\/index.php?rest_route=\/wp\/v2\/media\/6029"}],"wp:attachment":[{"href":"https:\/\/snscompany.rs\/index.php?rest_route=%2Fwp%2Fv2%2Fmedia&parent=6028"}],"wp:term":[{"taxonomy":"product_brand","embeddable":true,"href":"https:\/\/snscompany.rs\/index.php?rest_route=%2Fwp%2Fv2%2Fproduct_brand&post=6028"},{"taxonomy":"product_cat","embeddable":true,"href":"https:\/\/snscompany.rs\/index.php?rest_route=%2Fwp%2Fv2%2Fproduct_cat&post=6028"},{"taxonomy":"product_tag","embeddable":true,"href":"https:\/\/snscompany.rs\/index.php?rest_route=%2Fwp%2Fv2%2Fproduct_tag&post=6028"}],"curies":[{"name":"wp","href":"https:\/\/api.w.org\/{rel}","templated":true}]}}