{"id":6073,"date":"2025-01-27T09:28:54","date_gmt":"2025-01-27T09:28:54","guid":{"rendered":"https:\/\/snscompany.rs\/?post_type=product&#038;p=6073"},"modified":"2025-09-25T08:25:28","modified_gmt":"2025-09-25T08:25:28","slug":"lampa-led-sa-3-prikljucnice-utikac","status":"publish","type":"product","link":"https:\/\/snscompany.rs\/?product=lampa-led-sa-3-prikljucnice-utikac","title":{"rendered":"Lampa LED sa 3 priklju\u010dnice + utika\u010d"},"content":{"rendered":"<p>Razvodnik sa LED svetlom kompanije ATRA (\u0161ifra 7165) prakti\u010dan je i pouzdan dodatak za svaki prostor gde su funkcionalnost i efikasnost klju\u010dni. Zahvaljuju\u0107i ugra\u0111enom osvetljenju, savr\u0161eno osvetljava radne povr\u0161ine, bilo da je re\u010d o kuhinji, kancelariji ili radionici. Njegov kompaktan dizajn \u0161tedi prostor, dok istovremeno omogu\u0107ava priklju\u010denje vi\u0161e ure\u0111aja na jednom mestu.<\/p>\n<p>Pored toga \u0161to doprinosi organizaciji prostora, ovaj razvodnik je i energetski efikasan, pru\u017eaju\u0107i dodatno osvetljenje uz minimalnu potro\u0161nju energije. Jednostavna instalacija u standardnu uti\u010dnicu olak\u0161ava kori\u0161\u0107enje, bez potrebe za dodatnim alatima ili komplikovanim postavljanjem.<\/p>\n<p>Bilo da ga koristite za osvetljenje tokom kuvanja, kao dodatak radnom stolu ili u drugim svakodnevnim situacijama, ovaj razvodnik sa LED svetlom nudi savr\u0161enu kombinaciju prakti\u010dnosti i modernog dizajna, \u010dine\u0107i ga odli\u010dnim izborom za svako doma\u0107instvo ili radno okru\u017eenje<\/p>\n<p>Namena: Rasveta za radne povr\u0161ine<br \/>\nNapon: 230V, 50Hz<br \/>\nSnaga: 4W<br \/>\nLumen svetlosti: 400lm<br \/>\nBoja svetlosti: 4000K<br \/>\nStepen za\u0161tite: IP20<br \/>\nMaterijal: Polikarbonat<br \/>\n\u017divotni vek: 50000h<br \/>\nRadna temperatura: -30\u00b0C \/ +50\u00b0C<br \/>\nBoja: Bela<br \/>\nDimenzija: 182\u044594\u044540<br \/>\nGarancija: 2 godine<\/p>\n","protected":false},"excerpt":{"rendered":"<p>Razvodnik sa LED svetlom kompanije ATRA (\u0161ifra 7165) prakti\u010dan je i pouzdan dodatak za svaki prostor gde su funkcionalnost i efikasnost klju\u010dni. Zahvaljuju\u0107i ugra\u0111enom osvetljenju, savr\u0161eno osvetljava radne povr\u0161ine, bilo&hellip;<\/p>\n","protected":false},"featured_media":6074,"comment_status":"open","ping_status":"closed","template":"","meta":[],"product_brand":[],"product_cat":[48],"product_tag":[],"class_list":{"0":"post-6073","1":"product","2":"type-product","3":"status-publish","4":"has-post-thumbnail","6":"product_cat-adapteri","8":"first","9":"instock","10":"taxable","11":"shipping-taxable","12":"purchasable","13":"product-type-simple"},"_links":{"self":[{"href":"https:\/\/snscompany.rs\/index.php?rest_route=\/wp\/v2\/product\/6073","targetHints":{"allow":["GET"]}}],"collection":[{"href":"https:\/\/snscompany.rs\/index.php?rest_route=\/wp\/v2\/product"}],"about":[{"href":"https:\/\/snscompany.rs\/index.php?rest_route=\/wp\/v2\/types\/product"}],"replies":[{"embeddable":true,"href":"https:\/\/snscompany.rs\/index.php?rest_route=%2Fwp%2Fv2%2Fcomments&post=6073"}],"wp:featuredmedia":[{"embeddable":true,"href":"https:\/\/snscompany.rs\/index.php?rest_route=\/wp\/v2\/media\/6074"}],"wp:attachment":[{"href":"https:\/\/snscompany.rs\/index.php?rest_route=%2Fwp%2Fv2%2Fmedia&parent=6073"}],"wp:term":[{"taxonomy":"product_brand","embeddable":true,"href":"https:\/\/snscompany.rs\/index.php?rest_route=%2Fwp%2Fv2%2Fproduct_brand&post=6073"},{"taxonomy":"product_cat","embeddable":true,"href":"https:\/\/snscompany.rs\/index.php?rest_route=%2Fwp%2Fv2%2Fproduct_cat&post=6073"},{"taxonomy":"product_tag","embeddable":true,"href":"https:\/\/snscompany.rs\/index.php?rest_route=%2Fwp%2Fv2%2Fproduct_tag&post=6073"}],"curies":[{"name":"wp","href":"https:\/\/api.w.org\/{rel}","templated":true}]}}