{"id":6278,"date":"2025-09-24T16:17:49","date_gmt":"2025-09-24T16:17:49","guid":{"rendered":"https:\/\/snscompany.rs\/?post_type=product&#038;p=6278"},"modified":"2025-09-25T07:37:27","modified_gmt":"2025-09-25T07:37:27","slug":"led-reflektor-200w","status":"publish","type":"product","link":"https:\/\/snscompany.rs\/?product=led-reflektor-200w","title":{"rendered":"LED reflektor 200W"},"content":{"rendered":"<p><strong data-start=\"72\" data-end=\"94\">LED reflektor 200W<\/strong> pru\u017ea izuzetno sna\u017eno i \u0161iroko osvetljenje, a pritom tro\u0161i znatno manje energije od klasi\u010dnih reflektora. Dug vek trajanja zna\u010di manje tro\u0161kova odr\u017eavanja i sigurnost da \u0107e dugo raditi bez prekida. Idealan je za osvetljavanje velikih prostora poput dvori\u0161ta, sportskih terena, hala, magacina, parkinga i gradili\u0161ta. Jednostavan je za monta\u017eu i otporan na sve vremenske uslove.<\/p>\n<p>Proizvodja\u010d: NL<\/p>\n","protected":false},"excerpt":{"rendered":"<p>LED reflektor 200W pru\u017ea izuzetno sna\u017eno i \u0161iroko osvetljenje, a pritom tro\u0161i znatno manje energije od klasi\u010dnih reflektora. Dug vek trajanja zna\u010di manje tro\u0161kova odr\u017eavanja i sigurnost da \u0107e dugo&hellip;<\/p>\n","protected":false},"featured_media":6273,"comment_status":"open","ping_status":"closed","template":"","meta":[],"product_brand":[],"product_cat":[47],"product_tag":[],"class_list":{"0":"post-6278","1":"product","2":"type-product","3":"status-publish","4":"has-post-thumbnail","6":"product_cat-led-reflektor","8":"first","9":"instock","10":"taxable","11":"shipping-taxable","12":"purchasable","13":"product-type-simple"},"_links":{"self":[{"href":"https:\/\/snscompany.rs\/index.php?rest_route=\/wp\/v2\/product\/6278","targetHints":{"allow":["GET"]}}],"collection":[{"href":"https:\/\/snscompany.rs\/index.php?rest_route=\/wp\/v2\/product"}],"about":[{"href":"https:\/\/snscompany.rs\/index.php?rest_route=\/wp\/v2\/types\/product"}],"replies":[{"embeddable":true,"href":"https:\/\/snscompany.rs\/index.php?rest_route=%2Fwp%2Fv2%2Fcomments&post=6278"}],"wp:featuredmedia":[{"embeddable":true,"href":"https:\/\/snscompany.rs\/index.php?rest_route=\/wp\/v2\/media\/6273"}],"wp:attachment":[{"href":"https:\/\/snscompany.rs\/index.php?rest_route=%2Fwp%2Fv2%2Fmedia&parent=6278"}],"wp:term":[{"taxonomy":"product_brand","embeddable":true,"href":"https:\/\/snscompany.rs\/index.php?rest_route=%2Fwp%2Fv2%2Fproduct_brand&post=6278"},{"taxonomy":"product_cat","embeddable":true,"href":"https:\/\/snscompany.rs\/index.php?rest_route=%2Fwp%2Fv2%2Fproduct_cat&post=6278"},{"taxonomy":"product_tag","embeddable":true,"href":"https:\/\/snscompany.rs\/index.php?rest_route=%2Fwp%2Fv2%2Fproduct_tag&post=6278"}],"curies":[{"name":"wp","href":"https:\/\/api.w.org\/{rel}","templated":true}]}}